{"id":112,"date":"2024-06-28T14:00:32","date_gmt":"2024-06-28T12:00:32","guid":{"rendered":"https:\/\/leader-ardeche.fr\/?page_id=112"},"modified":"2026-02-10T09:44:16","modified_gmt":"2026-02-10T08:44:16","slug":"contact","status":"publish","type":"page","link":"https:\/\/leader-ardeche.fr\/?page_id=112","title":{"rendered":"Contacts"},"content":{"rendered":"\n<div class=\"wp-block-group is-content-justification-center is-nowrap is-layout-flex wp-container-core-group-is-layout-94bc23d7 wp-block-group-is-layout-flex\">\n<h2 class=\"wp-block-heading has-text-align-center\">Animateurs territoriaux LEADER Ard\u00e8che<\/h2>\n<\/div>\n\n\n\n<div class=\"wp-block-columns is-layout-flex wp-container-core-columns-is-layout-9d6595d7 wp-block-columns-is-layout-flex\">\n<div class=\"wp-block-column is-vertically-aligned-center is-layout-flow wp-block-column-is-layout-flow\" style=\"flex-basis:100%\">\n<div class=\"wp-block-columns is-layout-flex wp-container-core-columns-is-layout-9d6595d7 wp-block-columns-is-layout-flex\">\n<div class=\"wp-block-column is-vertically-aligned-center is-layout-flow wp-block-column-is-layout-flow\" style=\"flex-basis:100%\">\n<div class=\"wp-block-group is-content-justification-center is-nowrap is-layout-flex wp-container-core-group-is-layout-94bc23d7 wp-block-group-is-layout-flex\">\n<div class=\"wp-block-group\"><div class=\"wp-block-group__inner-container is-layout-constrained wp-block-group-is-layout-constrained\">\n<p class=\"has-text-align-center\"><strong>Secteur Nord LEADER Ard\u00e8che<\/strong> : <\/p>\n\n\n\n<p class=\"has-text-align-center\">Benoit MICHEL <\/p>\n\n\n\n<p class=\"has-text-align-center\"><a href=\"mailto:b.michel@archeagglo.fr\">b.michel@archeagglo.fr<\/a><\/p>\n\n\n\n<p class=\"has-text-align-center\">04 82 77 05 31<\/p>\n\n\n\n<div style=\"height:100px\" aria-hidden=\"true\" class=\"wp-block-spacer\"><\/div>\n\n\n\n<p class=\"has-text-align-center\"><strong>Secteur Sud LEADER Ard\u00e8che<\/strong> : <\/p>\n\n\n\n<p class=\"has-text-align-center\">Nolwenn SERVANT (durant l&rsquo;absence de Hiba HSAYKI)<\/p>\n\n\n\n<p class=\"has-text-align-center\"><a href=\"mailto:n.servant@archeagglo.fr\">n.servant@archeagglo.fr<\/a><\/p>\n\n\n\n<p class=\"has-text-align-center\">04 82 77 05 32<\/p>\n\n\n\n<div style=\"height:100px\" aria-hidden=\"true\" class=\"wp-block-spacer\"><\/div>\n<\/div><\/div>\n\n\n\n<figure class=\"wp-block-gallery has-nested-images columns-default is-cropped wp-block-gallery-1 is-layout-flex wp-block-gallery-is-layout-flex\"><div class=\"wp-block-image\">\n<figure class=\"aligncenter size-full\"><img loading=\"lazy\" decoding=\"async\" width=\"710\" height=\"905\" data-id=\"361\" src=\"https:\/\/leader-ardeche.fr\/wp-content\/uploads\/2025\/07\/2025_Carte-LEADER_N.S.png\" alt=\"\" class=\"wp-image-361\" srcset=\"https:\/\/leader-ardeche.fr\/wp-content\/uploads\/2025\/07\/2025_Carte-LEADER_N.S.png 710w, https:\/\/leader-ardeche.fr\/wp-content\/uploads\/2025\/07\/2025_Carte-LEADER_N.S-235x300.png 235w\" sizes=\"auto, (max-width: 710px) 100vw, 710px\" \/><\/figure>\n<\/div><\/figure>\n<\/div>\n<\/div>\n<\/div>\n<\/div>\n<\/div>\n\n\n\n<h2 class=\"wp-block-heading has-text-align-center\">Gestionnaire LEADER<\/h2>\n\n\n\n<p class=\"has-text-align-center\"><strong>Margot CROZAT<\/strong> <a href=\"mailto:m.crozat@archeagglo.fr\">m.crozat@archeagglo.fr<\/a> 04 26 78 57 64<\/p>\n\n\n\n<div style=\"height:80px\" aria-hidden=\"true\" class=\"wp-block-spacer\"><\/div>\n\n\n\n<h2 class=\"wp-block-heading has-text-align-center\">Coordinatrice LEADER<\/h2>\n\n\n\n<p class=\"has-text-align-center\"><strong>St\u00e9phanie TARDY<\/strong> <a href=\"mailto:s.tardy@archeagglo.fr\">s.tardy@archeagglo.fr<\/a> 04 26 78 57 65<\/p>\n\n\n\n<p><\/p>\n","protected":false},"excerpt":{"rendered":"<p>Animateurs territoriaux LEADER Ard\u00e8che Secteur Nord LEADER Ard\u00e8che : Benoit MICHEL b.michel@archeagglo.fr 04 82 77 05 31 Secteur Sud LEADER Ard\u00e8che : Nolwenn SERVANT (durant l&rsquo;absence de Hiba HSAYKI) n.servant@archeagglo.fr 04 82 77 05 32 Gestionnaire LEADER Margot CROZAT m.crozat@archeagglo.fr 04 26 78 57 64 Coordinatrice LEADER St\u00e9phanie TARDY s.tardy@archeagglo.fr 04 26 78 57 65<\/p>\n","protected":false},"author":2,"featured_media":0,"parent":0,"menu_order":0,"comment_status":"closed","ping_status":"closed","template":"","meta":{"footnotes":""},"class_list":["post-112","page","type-page","status-publish","hentry"],"_links":{"self":[{"href":"https:\/\/leader-ardeche.fr\/index.php?rest_route=\/wp\/v2\/pages\/112","targetHints":{"allow":["GET"]}}],"collection":[{"href":"https:\/\/leader-ardeche.fr\/index.php?rest_route=\/wp\/v2\/pages"}],"about":[{"href":"https:\/\/leader-ardeche.fr\/index.php?rest_route=\/wp\/v2\/types\/page"}],"author":[{"embeddable":true,"href":"https:\/\/leader-ardeche.fr\/index.php?rest_route=\/wp\/v2\/users\/2"}],"replies":[{"embeddable":true,"href":"https:\/\/leader-ardeche.fr\/index.php?rest_route=%2Fwp%2Fv2%2Fcomments&post=112"}],"version-history":[{"count":24,"href":"https:\/\/leader-ardeche.fr\/index.php?rest_route=\/wp\/v2\/pages\/112\/revisions"}],"predecessor-version":[{"id":423,"href":"https:\/\/leader-ardeche.fr\/index.php?rest_route=\/wp\/v2\/pages\/112\/revisions\/423"}],"wp:attachment":[{"href":"https:\/\/leader-ardeche.fr\/index.php?rest_route=%2Fwp%2Fv2%2Fmedia&parent=112"}],"curies":[{"name":"wp","href":"https:\/\/api.w.org\/{rel}","templated":true}]}}