{"id":123,"date":"2024-06-28T14:35:28","date_gmt":"2024-06-28T12:35:28","guid":{"rendered":"https:\/\/leader-ardeche.fr\/?page_id=123"},"modified":"2026-02-10T09:39:36","modified_gmt":"2026-02-10T08:39:36","slug":"presentation","status":"publish","type":"page","link":"https:\/\/leader-ardeche.fr\/?page_id=123","title":{"rendered":"LEADER Ard\u00e8che ?"},"content":{"rendered":"\n<figure class=\"wp-block-embed is-type-video is-provider-youtube wp-block-embed-youtube wp-embed-aspect-16-9 wp-has-aspect-ratio\"><div class=\"wp-block-embed__wrapper\">\n<iframe loading=\"lazy\" title=\"LEADER07  Pr\u00e9sentation octobre 2025\" width=\"640\" height=\"360\" src=\"https:\/\/www.youtube.com\/embed\/QIyn_lhf1sc?feature=oembed\" frameborder=\"0\" allow=\"accelerometer; autoplay; clipboard-write; encrypted-media; gyroscope; picture-in-picture; web-share\" referrerpolicy=\"strict-origin-when-cross-origin\" allowfullscreen><\/iframe>\n<\/div><\/figure>\n\n\n\n<h2 class=\"wp-block-heading has-text-align-left\">Exemples de projets qui peuvent \u00eatre financ\u00e9s par le LEADER Ard\u00e8che<\/h2>\n\n\n\n<figure class=\"wp-block-embed is-type-video is-provider-youtube wp-block-embed-youtube wp-embed-aspect-16-9 wp-has-aspect-ratio\"><div class=\"wp-block-embed__wrapper\">\n<iframe loading=\"lazy\" title=\"LEADER07   Capsules GAL du16 10 2025\" width=\"640\" height=\"360\" src=\"https:\/\/www.youtube.com\/embed\/wiHDthR0yQQ?feature=oembed\" frameborder=\"0\" allow=\"accelerometer; autoplay; clipboard-write; encrypted-media; gyroscope; picture-in-picture; web-share\" referrerpolicy=\"strict-origin-when-cross-origin\" allowfullscreen><\/iframe>\n<\/div><\/figure>\n\n\n\n<p><strong>LEADER<\/strong> (Liaison Entre Actions de D\u00e9veloppement de l\u2019Economie Rurale) est un programme europ\u00e9en <strong>pour redynamiser le milieu rural<\/strong> \u00e0 travers le soutien <strong>de projets publics et priv\u00e9s sur le territoire.<\/strong><\/p>\n\n\n\n<div style=\"height:6px\" aria-hidden=\"true\" class=\"wp-block-spacer\"><\/div>\n\n\n\n<div class=\"wp-block-group is-nowrap is-layout-flex wp-container-core-group-is-layout-ad2f72ca wp-block-group-is-layout-flex\">\n<figure class=\"wp-block-image size-large is-resized\"><img loading=\"lazy\" decoding=\"async\" width=\"1024\" height=\"523\" src=\"https:\/\/leader-ardeche.fr\/wp-content\/uploads\/2025\/03\/image-4-1024x523.png\" alt=\"\" class=\"wp-image-314\" style=\"width:658px;height:auto\" srcset=\"https:\/\/leader-ardeche.fr\/wp-content\/uploads\/2025\/03\/image-4-1024x523.png 1024w, https:\/\/leader-ardeche.fr\/wp-content\/uploads\/2025\/03\/image-4-300x153.png 300w, https:\/\/leader-ardeche.fr\/wp-content\/uploads\/2025\/03\/image-4-768x392.png 768w, https:\/\/leader-ardeche.fr\/wp-content\/uploads\/2025\/03\/image-4.png 1515w\" sizes=\"auto, (max-width: 1024px) 100vw, 1024px\" \/><\/figure>\n\n\n<div class=\"wp-block-image\">\n<figure class=\"aligncenter size-large is-resized\"><img loading=\"lazy\" decoding=\"async\" width=\"1024\" height=\"479\" src=\"https:\/\/leader-ardeche.fr\/wp-content\/uploads\/2025\/06\/Capture-decran-2025-06-04-090054-1024x479.png\" alt=\"\" class=\"wp-image-337\" style=\"width:718px;height:auto\" srcset=\"https:\/\/leader-ardeche.fr\/wp-content\/uploads\/2025\/06\/Capture-decran-2025-06-04-090054-1024x479.png 1024w, https:\/\/leader-ardeche.fr\/wp-content\/uploads\/2025\/06\/Capture-decran-2025-06-04-090054-300x140.png 300w, https:\/\/leader-ardeche.fr\/wp-content\/uploads\/2025\/06\/Capture-decran-2025-06-04-090054-768x359.png 768w, https:\/\/leader-ardeche.fr\/wp-content\/uploads\/2025\/06\/Capture-decran-2025-06-04-090054.png 1242w\" sizes=\"auto, (max-width: 1024px) 100vw, 1024px\" \/><\/figure>\n<\/div><\/div>\n\n\n\n<p><\/p>\n\n\n\n<p>Son ambition est de permettre <strong>l&rsquo;\u00e9mergence et la mise en \u0153uvre de projets innovants<\/strong> r\u00e9pondant \u00e0 des <strong>objectifs de d\u00e9veloppement rural <\/strong>d\u00e9finis au niveau europ\u00e9en et r\u00e9gional.<\/p>\n\n\n\n<p>Le p\u00e9rim\u00e8tre du LEADER Ard\u00e8che <strong>regroupe 17 EPCI et le PNR des Monts d\u2019Ard\u00e8che<\/strong>.<\/p>\n\n\n\n<div style=\"height:8px\" aria-hidden=\"true\" class=\"wp-block-spacer\"><\/div>\n\n\n\n<h2 class=\"wp-block-heading has-text-align-center\">Territoire du GAL Auvergne-Rh\u00f4ne-Alpes ARDECHE :<\/h2>\n\n\n\n<div class=\"wp-block-columns is-layout-flex wp-container-core-columns-is-layout-9d6595d7 wp-block-columns-is-layout-flex\">\n<div class=\"wp-block-column is-layout-flow wp-block-column-is-layout-flow\" style=\"flex-basis:100%\">\n<div class=\"wp-block-group is-content-justification-center is-nowrap is-layout-flex wp-container-core-group-is-layout-94bc23d7 wp-block-group-is-layout-flex\">\n<figure class=\"wp-block-image size-large\"><img loading=\"lazy\" decoding=\"async\" width=\"1024\" height=\"533\" src=\"https:\/\/leader-ardeche.fr\/wp-content\/uploads\/2025\/07\/Capture-decran-2025-07-22-151848-1-1024x533.png\" alt=\"\" class=\"wp-image-359\" srcset=\"https:\/\/leader-ardeche.fr\/wp-content\/uploads\/2025\/07\/Capture-decran-2025-07-22-151848-1-1024x533.png 1024w, https:\/\/leader-ardeche.fr\/wp-content\/uploads\/2025\/07\/Capture-decran-2025-07-22-151848-1-300x156.png 300w, https:\/\/leader-ardeche.fr\/wp-content\/uploads\/2025\/07\/Capture-decran-2025-07-22-151848-1-768x400.png 768w, https:\/\/leader-ardeche.fr\/wp-content\/uploads\/2025\/07\/Capture-decran-2025-07-22-151848-1.png 1302w\" sizes=\"auto, (max-width: 1024px) 100vw, 1024px\" \/><\/figure>\n<\/div>\n<\/div>\n<\/div>\n\n\n\n<div style=\"height:21px\" aria-hidden=\"true\" class=\"wp-block-spacer\"><\/div>\n\n\n\n<div style=\"height:15px\" aria-hidden=\"true\" class=\"wp-block-spacer\"><\/div>\n\n\n\n<h2 class=\"wp-block-heading\">CANDIDATURE DU LEADER ARDECHE : Synth\u00e8se<\/h2>\n\n\n\n<div data-wp-interactive=\"core\/file\" class=\"wp-block-file\"><object data-wp-bind--hidden=\"!state.hasPdfPreview\" hidden class=\"wp-block-file__embed\" data=\"https:\/\/leader-ardeche.fr\/wp-content\/uploads\/2025\/06\/21.12.22-Synthese-dossier-candid-23-27-1.pdf\" type=\"application\/pdf\" style=\"width:100%;height:200px\" aria-label=\"Contenu embarqu\u00e9 21.12.22 Synth\u00e8se dossier candid 23-27.\"><\/object><a id=\"wp-block-file--media-1c0424cd-8449-4f6d-8f5f-a1218a7d24cd\" href=\"https:\/\/leader-ardeche.fr\/wp-content\/uploads\/2025\/06\/21.12.22-Synthese-dossier-candid-23-27-1.pdf\">21.12.22 Synth\u00e8se dossier candid 23-27<\/a><a href=\"https:\/\/leader-ardeche.fr\/wp-content\/uploads\/2025\/06\/21.12.22-Synthese-dossier-candid-23-27-1.pdf\" class=\"wp-block-file__button wp-element-button\" download aria-describedby=\"wp-block-file--media-1c0424cd-8449-4f6d-8f5f-a1218a7d24cd\">T\u00e9l\u00e9charger<\/a><\/div>\n","protected":false},"excerpt":{"rendered":"<p>Exemples de projets qui peuvent \u00eatre financ\u00e9s par le LEADER Ard\u00e8che LEADER (Liaison Entre Actions de D\u00e9veloppement de l\u2019Economie Rurale) est un programme europ\u00e9en pour redynamiser le milieu rural \u00e0 travers le soutien de projets publics et priv\u00e9s sur le territoire. Son ambition est de permettre l&rsquo;\u00e9mergence et la mise en \u0153uvre de projets innovants [&hellip;]<\/p>\n","protected":false},"author":2,"featured_media":0,"parent":0,"menu_order":0,"comment_status":"closed","ping_status":"closed","template":"","meta":{"footnotes":""},"class_list":["post-123","page","type-page","status-publish","hentry"],"_links":{"self":[{"href":"https:\/\/leader-ardeche.fr\/index.php?rest_route=\/wp\/v2\/pages\/123","targetHints":{"allow":["GET"]}}],"collection":[{"href":"https:\/\/leader-ardeche.fr\/index.php?rest_route=\/wp\/v2\/pages"}],"about":[{"href":"https:\/\/leader-ardeche.fr\/index.php?rest_route=\/wp\/v2\/types\/page"}],"author":[{"embeddable":true,"href":"https:\/\/leader-ardeche.fr\/index.php?rest_route=\/wp\/v2\/users\/2"}],"replies":[{"embeddable":true,"href":"https:\/\/leader-ardeche.fr\/index.php?rest_route=%2Fwp%2Fv2%2Fcomments&post=123"}],"version-history":[{"count":31,"href":"https:\/\/leader-ardeche.fr\/index.php?rest_route=\/wp\/v2\/pages\/123\/revisions"}],"predecessor-version":[{"id":403,"href":"https:\/\/leader-ardeche.fr\/index.php?rest_route=\/wp\/v2\/pages\/123\/revisions\/403"}],"wp:attachment":[{"href":"https:\/\/leader-ardeche.fr\/index.php?rest_route=%2Fwp%2Fv2%2Fmedia&parent=123"}],"curies":[{"name":"wp","href":"https:\/\/api.w.org\/{rel}","templated":true}]}}