{"id":126,"date":"2024-06-28T14:42:52","date_gmt":"2024-06-28T12:42:52","guid":{"rendered":"https:\/\/leader-ardeche.fr\/?page_id=126"},"modified":"2026-02-10T09:39:30","modified_gmt":"2026-02-10T08:39:30","slug":"boite-a-outils","status":"publish","type":"page","link":"https:\/\/leader-ardeche.fr\/?page_id=126","title":{"rendered":"Bo\u00eete \u00e0 outils"},"content":{"rendered":"\n<p class=\"has-text-align-center\"><strong>Vous trouverez ci-dessous les documents qui vous serons utiles pour d\u00e9poser votre demande d&rsquo;aide LEADER<\/strong> :<\/p>\n\n\n\n<div class=\"wp-block-buttons is-content-justification-center is-layout-flex wp-container-core-buttons-is-layout-16018d1d wp-block-buttons-is-layout-flex\">\n<div class=\"wp-block-button is-style-outline is-style-outline--1\"><a class=\"wp-block-button__link wp-element-button\" href=\"https:\/\/leader-ardeche.fr\/wp-content\/uploads\/2024\/10\/GAL07-Guide_beneficiaire-v2024.09.24.pdf\">Guide b\u00e9n\u00e9ficiaire<\/a><\/div>\n\n\n\n<div class=\"wp-block-button is-style-outline is-style-outline--2\"><a class=\"wp-block-button__link wp-element-button\" href=\"https:\/\/www.auvergnerhonealpes.fr\/aides\/porter-un-projet-leader-feader-dispositif-501\">R\u00e9capitulatif des d\u00e9penses<\/a><\/div>\n\n\n\n<div class=\"wp-block-button is-style-outline is-style-outline--3\"><a class=\"wp-block-button__link wp-element-button\" href=\"https:\/\/leader-ardeche.fr\/wp-content\/uploads\/2025\/03\/Modele-lettre-mission.pdf\">Mod\u00e8le lettre mission<\/a><\/div>\n\n\n\n<div class=\"wp-block-button is-style-outline is-style-outline--4\"><a class=\"wp-block-button__link wp-element-button\" href=\"https:\/\/leader-ardeche.fr\/wp-content\/uploads\/2025\/03\/2024.04.30-BANDEAU-LOGOS.jpeg\">LOGOS<\/a><\/div>\n\n\n\n<div class=\"wp-block-button is-style-outline is-style-outline--5\"><a class=\"wp-block-button__link wp-element-button\" href=\"https:\/\/www.auvergnerhonealpes.fr\/aides\/porter-un-projet-leader-feader-dispositif-501\" target=\"_blank\" rel=\"noreferrer noopener\">R\u00e9capitulatif des d\u00e9penses r\u00e9alis\u00e9es<\/a><\/div>\n<\/div>\n\n\n\n<div style=\"height:100px\" aria-hidden=\"true\" class=\"wp-block-spacer\"><\/div>\n\n\n\n<h2 class=\"wp-block-heading has-text-align-center\">Lien vers le Portail Des Aides (PDA) de la R\u00e9gion AuRA<\/h2>\n\n\n\n<div class=\"wp-block-buttons is-content-justification-center is-layout-flex wp-container-core-buttons-is-layout-16018d1d wp-block-buttons-is-layout-flex\">\n<div class=\"wp-block-button\"><a class=\"wp-block-button__link wp-element-button\" href=\"https:\/\/www.auvergnerhonealpes.fr\/aides\/porter-un-projet-leader-feader\">Lien vers PDA<\/a><\/div>\n<\/div>\n\n\n\n<div style=\"height:98px\" aria-hidden=\"true\" class=\"wp-block-spacer\"><\/div>\n\n\n\n<h2 class=\"wp-block-heading has-text-align-center\">Mod\u00e8le lettre de mission<\/h2>\n\n\n\n<div data-wp-interactive=\"core\/file\" class=\"wp-block-file\"><object data-wp-bind--hidden=\"!state.hasPdfPreview\" hidden class=\"wp-block-file__embed\" data=\"https:\/\/leader-ardeche.fr\/wp-content\/uploads\/2025\/03\/Modele-lettre-mission.pdf\" type=\"application\/pdf\" style=\"width:100%;height:200px\" aria-label=\"Contenu embarqu\u00e9 Mod\u00e8le lettre mission.\"><\/object><a id=\"wp-block-file--media-d0318fdb-8435-4789-a372-52ca79207fd2\" href=\"https:\/\/leader-ardeche.fr\/wp-content\/uploads\/2025\/03\/Modele-lettre-mission.pdf\">Mod\u00e8le lettre mission<\/a><a href=\"https:\/\/leader-ardeche.fr\/wp-content\/uploads\/2025\/03\/Modele-lettre-mission.pdf\" class=\"wp-block-file__button wp-element-button\" download aria-describedby=\"wp-block-file--media-d0318fdb-8435-4789-a372-52ca79207fd2\">T\u00e9l\u00e9charger<\/a><\/div>\n\n\n\n<div style=\"height:100px\" aria-hidden=\"true\" class=\"wp-block-spacer\"><\/div>\n\n\n\n<h2 class=\"wp-block-heading has-text-align-center\">Guide du b\u00e9n\u00e9ficiaire <\/h2>\n\n\n\n<div data-wp-interactive=\"core\/file\" class=\"wp-block-file\"><object data-wp-bind--hidden=\"!state.hasPdfPreview\" hidden class=\"wp-block-file__embed\" data=\"https:\/\/leader-ardeche.fr\/wp-content\/uploads\/2024\/10\/GAL07-Guide_beneficiaire-v2024.09.24.pdf\" type=\"application\/pdf\" style=\"width:100%;height:200px\" aria-label=\"Contenu embarqu\u00e9 GAL07-Guide_beneficiaire-v2024.09.24.\"><\/object><a id=\"wp-block-file--media-382ca439-3b09-4555-919b-a1ef258849b3\" href=\"https:\/\/leader-ardeche.fr\/wp-content\/uploads\/2024\/10\/GAL07-Guide_beneficiaire-v2024.09.24.pdf\">GAL07-Guide_beneficiaire-v2024.09.24<\/a><a href=\"https:\/\/leader-ardeche.fr\/wp-content\/uploads\/2024\/10\/GAL07-Guide_beneficiaire-v2024.09.24.pdf\" class=\"wp-block-file__button wp-element-button\" download aria-describedby=\"wp-block-file--media-382ca439-3b09-4555-919b-a1ef258849b3\">T\u00e9l\u00e9charger<\/a><\/div>\n\n\n\n<div style=\"height:95px\" aria-hidden=\"true\" class=\"wp-block-spacer\"><\/div>\n\n\n\n<h2 class=\"wp-block-heading has-text-align-center\">Publicit\u00e9 : bandeau logo LEADER<\/h2>\n\n\n\n<div class=\"wp-block-file\"><a id=\"wp-block-file--media-e0f8efda-63f0-44ee-a8df-1c37fd545d82\" href=\"https:\/\/leader-ardeche.fr\/wp-content\/uploads\/2025\/03\/2024.04.30-BANDEAU-LOGOS.jpeg\">2024.04.30-BANDEAU-LOGOS<\/a><a href=\"https:\/\/leader-ardeche.fr\/wp-content\/uploads\/2025\/03\/2024.04.30-BANDEAU-LOGOS.jpeg\" class=\"wp-block-file__button wp-element-button\" download aria-describedby=\"wp-block-file--media-e0f8efda-63f0-44ee-a8df-1c37fd545d82\">T\u00e9l\u00e9charger<\/a><\/div>\n\n\n\n<div style=\"height:100px\" aria-hidden=\"true\" class=\"wp-block-spacer\"><\/div>\n\n\n\n<div style=\"height:96px\" aria-hidden=\"true\" class=\"wp-block-spacer\"><\/div>\n\n\n\n<div style=\"height:100px\" aria-hidden=\"true\" class=\"wp-block-spacer\"><\/div>\n","protected":false},"excerpt":{"rendered":"<p>Vous trouverez ci-dessous les documents qui vous serons utiles pour d\u00e9poser votre demande d&rsquo;aide LEADER : Lien vers le Portail Des Aides (PDA) de la R\u00e9gion AuRA Mod\u00e8le lettre de mission Guide du b\u00e9n\u00e9ficiaire Publicit\u00e9 : bandeau logo LEADER<\/p>\n","protected":false},"author":2,"featured_media":0,"parent":0,"menu_order":0,"comment_status":"closed","ping_status":"closed","template":"","meta":{"footnotes":""},"class_list":["post-126","page","type-page","status-publish","hentry"],"_links":{"self":[{"href":"https:\/\/leader-ardeche.fr\/index.php?rest_route=\/wp\/v2\/pages\/126","targetHints":{"allow":["GET"]}}],"collection":[{"href":"https:\/\/leader-ardeche.fr\/index.php?rest_route=\/wp\/v2\/pages"}],"about":[{"href":"https:\/\/leader-ardeche.fr\/index.php?rest_route=\/wp\/v2\/types\/page"}],"author":[{"embeddable":true,"href":"https:\/\/leader-ardeche.fr\/index.php?rest_route=\/wp\/v2\/users\/2"}],"replies":[{"embeddable":true,"href":"https:\/\/leader-ardeche.fr\/index.php?rest_route=%2Fwp%2Fv2%2Fcomments&post=126"}],"version-history":[{"count":13,"href":"https:\/\/leader-ardeche.fr\/index.php?rest_route=\/wp\/v2\/pages\/126\/revisions"}],"predecessor-version":[{"id":419,"href":"https:\/\/leader-ardeche.fr\/index.php?rest_route=\/wp\/v2\/pages\/126\/revisions\/419"}],"wp:attachment":[{"href":"https:\/\/leader-ardeche.fr\/index.php?rest_route=%2Fwp%2Fv2%2Fmedia&parent=126"}],"curies":[{"name":"wp","href":"https:\/\/api.w.org\/{rel}","templated":true}]}}