{"id":243,"date":"2025-01-23T12:33:11","date_gmt":"2025-01-23T11:33:11","guid":{"rendered":"https:\/\/leader-ardeche.fr\/?page_id=243"},"modified":"2026-03-12T14:27:43","modified_gmt":"2026-03-12T13:27:43","slug":"actualites-leader-ardeche","status":"publish","type":"page","link":"https:\/\/leader-ardeche.fr\/","title":{"rendered":"Actualit\u00e9s"},"content":{"rendered":"\n<h2 class=\"wp-block-heading\">Pr\u00e9sentation des appels \u00e0 projets en visio <\/h2>\n\n\n\n<p>Des pr\u00e9sentations des diff\u00e9rents appels \u00e0 projets sont propos\u00e9es en visioconf\u00e9rence. Ces rencontres permettent de d\u00e9couvrir les appels \u00e0 projets, la m\u00e9thodologie de d\u00e9p\u00f4t des dossiers, ainsi que des recommandations utiles.<\/p>\n\n\n\n<p>Le lien de la visioconf\u00e9rence sera communiqu\u00e9 le jour de la pr\u00e9sentation \u00e0 toutes les personnes pr\u00e9alablement inscrites.<\/p>\n\n\n\n<figure class=\"wp-block-table\"><table class=\"has-fixed-layout\"><tbody><tr><td class=\"has-text-align-center\" data-align=\"center\"><strong>appel \u00e0 projet<\/strong><\/td><td class=\"has-text-align-center\" data-align=\"center\"><strong>date<\/strong><\/td><td class=\"has-text-align-center\" data-align=\"center\"><strong>lien vers formulaire d&rsquo;inscription<\/strong><\/td><\/tr><tr><td class=\"has-text-align-center\" data-align=\"center\">AAP1 Centralit\u00e9<\/td><td class=\"has-text-align-center\" data-align=\"center\">jeudi 23 avril \u00e0 11h<\/td><td class=\"has-text-align-center\" data-align=\"center\"><a href=\"https:\/\/forms.gle\/oHQJCw7pY6Y8JFjT8\">https:\/\/forms.gle\/oHQJCw7pY6Y8JFjT8<\/a><\/td><\/tr><tr><td class=\"has-text-align-center\" data-align=\"center\">AAP1 Centralit\u00e9<\/td><td class=\"has-text-align-center\" data-align=\"center\">mardi 19 mai \u00e0 14h<\/td><td class=\"has-text-align-center\" data-align=\"center\"><a href=\"https:\/\/forms.gle\/Mjk62RExmoH8frm57\">https:\/\/forms.gle\/Mjk62RExmoH8frm57<\/a><\/td><\/tr><tr><td class=\"has-text-align-center\" data-align=\"center\">AAP1 Centralit\u00e9<\/td><td class=\"has-text-align-center\" data-align=\"center\">jeudi 2 juillet \u00e0 11h<\/td><td class=\"has-text-align-center\" data-align=\"center\"><a href=\"https:\/\/forms.gle\/nLoXD9V1nV6b29Zv8\">https:\/\/forms.gle\/nLoXD9V1nV6b29Zv8<\/a><\/td><\/tr><tr><td class=\"has-text-align-center\" data-align=\"center\">AAP2 tourisme<\/td><td class=\"has-text-align-center\" data-align=\"center\">jeudi 19 mars \u00e0 11h<\/td><td class=\"has-text-align-center\" data-align=\"center\"><a href=\"https:\/\/forms.gle\/u42RhkRrFvU9azeh7\">https:\/\/forms.gle\/u42RhkRrFvU9azeh7<\/a><\/td><\/tr><tr><td class=\"has-text-align-center\" data-align=\"center\">AAP2 tourisme<\/td><td class=\"has-text-align-center\" data-align=\"center\">mardi 21 avril \u00e0 11h<\/td><td class=\"has-text-align-center\" data-align=\"center\"><a href=\"https:\/\/forms.gle\/8GhnYCjhRv8L3LwBA\">https:\/\/forms.gle\/8GhnYCjhRv8L3LwBA<\/a><\/td><\/tr><tr><td class=\"has-text-align-center\" data-align=\"center\">AAP2 tourisme<\/td><td class=\"has-text-align-center\" data-align=\"center\">jeudi 21 mai \u00e0 14h<\/td><td class=\"has-text-align-center\" data-align=\"center\"><a href=\"https:\/\/forms.gle\/ByD1TM6LHiCxD4tbA\">https:\/\/forms.gle\/ByD1TM6LHiCxD4tbA<\/a><\/td><\/tr><tr><td class=\"has-text-align-center\" data-align=\"center\">AAP2 tourisme<\/td><td class=\"has-text-align-center\" data-align=\"center\">mardi 23 juin \u00e0 14h<\/td><td class=\"has-text-align-center\" data-align=\"center\"><a href=\"https:\/\/forms.gle\/vrNTcVmVJn4vjmdd9\">https:\/\/forms.gle\/vrNTcVmVJn4vjmdd9<\/a><\/td><\/tr><tr><td class=\"has-text-align-center\" data-align=\"center\">AAP3.1-4 \u00e9conomie de proximit\u00e9<\/td><td class=\"has-text-align-center\" data-align=\"center\">jeudi 19 mars \u00e0 14h<\/td><td class=\"has-text-align-center\" data-align=\"center\"><a href=\"https:\/\/forms.gle\/LYogC5GrwgGQbVcbA\">https:\/\/forms.gle\/LYogC5GrwgGQbVcbA<\/a><\/td><\/tr><tr><td class=\"has-text-align-center\" data-align=\"center\">AAP3.1-4 \u00e9conomie de proximit\u00e9<\/td><td class=\"has-text-align-center\" data-align=\"center\">mardi 21 avril \u00e0 14h<\/td><td class=\"has-text-align-center\" data-align=\"center\"><a href=\"https:\/\/forms.gle\/AACMjzpdaf5FbEre9\">https:\/\/forms.gle\/AACMjzpdaf5FbEre9<\/a><\/td><\/tr><tr><td class=\"has-text-align-center\" data-align=\"center\">AAP3.1-4 \u00e9conomie de proximit\u00e9<\/td><td class=\"has-text-align-center\" data-align=\"center\">jeudi 21 mai \u00e0 11h<\/td><td class=\"has-text-align-center\" data-align=\"center\"><a href=\"https:\/\/forms.gle\/KLDBAN9yfQ41c53ZA\">https:\/\/forms.gle\/KLDBAN9yfQ41c53ZA<\/a><\/td><\/tr><tr><td class=\"has-text-align-center\" data-align=\"center\">AAP3.1-4 \u00e9conomie de proximit\u00e9<\/td><td class=\"has-text-align-center\" data-align=\"center\">mardi 23 juin \u00e0 11h<\/td><td class=\"has-text-align-center\" data-align=\"center\"><a href=\"https:\/\/forms.gle\/SArVc6FnA5iqUQ916\">https:\/\/forms.gle\/SArVc6FnA5iqUQ916<\/a><\/td><\/tr><\/tbody><\/table><\/figure>\n\n\n\n<p><\/p>\n\n\n\n<h2 class=\"wp-block-heading\">NewsLEADER#3 d\u00e9cembre 2025<\/h2>\n\n\n\n<div data-wp-interactive=\"core\/file\" class=\"wp-block-file\"><object data-wp-bind--hidden=\"!state.hasPdfPreview\" hidden class=\"wp-block-file__embed\" data=\"https:\/\/leader-ardeche.fr\/wp-content\/uploads\/2026\/02\/Newsleader-07-n03.pdf\" type=\"application\/pdf\" style=\"width:100%;height:600px\" aria-label=\"Contenu embarqu\u00e9 _Newsleader 07 n03.\"><\/object><a id=\"wp-block-file--media-936aaae6-cc55-4a03-ad0e-cd7330142d62\" href=\"https:\/\/leader-ardeche.fr\/wp-content\/uploads\/2026\/02\/Newsleader-07-n03.pdf\">_Newsleader 07 n03<\/a><a href=\"https:\/\/leader-ardeche.fr\/wp-content\/uploads\/2026\/02\/Newsleader-07-n03.pdf\" class=\"wp-block-file__button wp-element-button\" download aria-describedby=\"wp-block-file--media-936aaae6-cc55-4a03-ad0e-cd7330142d62\">T\u00e9l\u00e9charger<\/a><\/div>\n\n\n\n<h2 class=\"wp-block-heading\">NewsLEADER#2 \u00e9t\u00e9 2025<\/h2>\n\n\n\n<div data-wp-interactive=\"core\/file\" class=\"wp-block-file\"><object data-wp-bind--hidden=\"!state.hasPdfPreview\" hidden class=\"wp-block-file__embed\" data=\"https:\/\/leader-ardeche.fr\/wp-content\/uploads\/2025\/11\/Newsleader-07-n02-c.pdf\" type=\"application\/pdf\" style=\"width:100%;height:600px\" aria-label=\"Contenu embarqu\u00e9 Newsleader 07 n02 c.\"><\/object><a id=\"wp-block-file--media-650eb1b6-d52e-4149-9d1a-909390db0221\" href=\"https:\/\/leader-ardeche.fr\/wp-content\/uploads\/2025\/11\/Newsleader-07-n02-c.pdf\">Newsleader 07 n02 c<\/a><a href=\"https:\/\/leader-ardeche.fr\/wp-content\/uploads\/2025\/11\/Newsleader-07-n02-c.pdf\" class=\"wp-block-file__button wp-element-button\" download aria-describedby=\"wp-block-file--media-650eb1b6-d52e-4149-9d1a-909390db0221\">T\u00e9l\u00e9charger<\/a><\/div>\n\n\n\n<h2 class=\"wp-block-heading\">Rencontre annuelle du GAL<\/h2>\n\n\n<div class=\"wp-block-image\">\n<figure class=\"aligncenter size-large is-resized\"><img loading=\"lazy\" decoding=\"async\" width=\"1024\" height=\"726\" src=\"https:\/\/leader-ardeche.fr\/wp-content\/uploads\/2025\/09\/GAL-save-the-date-1024x726.jpg\" alt=\"\" class=\"wp-image-373\" style=\"width:329px;height:auto\" srcset=\"https:\/\/leader-ardeche.fr\/wp-content\/uploads\/2025\/09\/GAL-save-the-date-1024x726.jpg 1024w, https:\/\/leader-ardeche.fr\/wp-content\/uploads\/2025\/09\/GAL-save-the-date-300x213.jpg 300w, https:\/\/leader-ardeche.fr\/wp-content\/uploads\/2025\/09\/GAL-save-the-date-768x545.jpg 768w, https:\/\/leader-ardeche.fr\/wp-content\/uploads\/2025\/09\/GAL-save-the-date.jpg 1166w\" sizes=\"auto, (max-width: 1024px) 100vw, 1024px\" \/><\/figure>\n<\/div>\n\n\n<p>La r\u00e9union annuelle du LEADER Ard\u00e8che est pr\u00e9vue le 16 octobre prochain. Cette rencontre permettra de r\u00e9unir les porteurs de projets, les partenaires, les cofinanceurs et les membres du Comit\u00e9 de Programmation.<\/p>\n\n\n\n<h2 class=\"wp-block-heading\">NewsLEADER#1_Juin 2025<\/h2>\n\n\n\n<div data-wp-interactive=\"core\/file\" class=\"wp-block-file\"><object data-wp-bind--hidden=\"!state.hasPdfPreview\" hidden class=\"wp-block-file__embed\" data=\"https:\/\/leader-ardeche.fr\/wp-content\/uploads\/2025\/06\/NewsLEADER07_n\u00b01.pdf\" type=\"application\/pdf\" style=\"width:100%;height:600px\" aria-label=\"Contenu embarqu\u00e9 NewsLEADER07_n\u00b01.\"><\/object><a id=\"wp-block-file--media-61135940-0987-4c79-a2c6-dcae35b5382f\" href=\"https:\/\/leader-ardeche.fr\/wp-content\/uploads\/2025\/06\/NewsLEADER07_n\u00b01.pdf\">NewsLEADER07_n\u00b01<\/a><a href=\"https:\/\/leader-ardeche.fr\/wp-content\/uploads\/2025\/06\/NewsLEADER07_n\u00b01.pdf\" class=\"wp-block-file__button wp-element-button\" download aria-describedby=\"wp-block-file--media-61135940-0987-4c79-a2c6-dcae35b5382f\">T\u00e9l\u00e9charger<\/a><\/div>\n\n\n\n<div style=\"height:34px\" aria-hidden=\"true\" class=\"wp-block-spacer\"><\/div>\n\n\n\n<h2 class=\"wp-block-heading\">Calendrier des Comit\u00e9s de Programmation<\/h2>\n\n\n\n<figure class=\"wp-block-gallery has-nested-images columns-default is-cropped wp-block-gallery-1 is-layout-flex wp-block-gallery-is-layout-flex\">\n<figure class=\"wp-block-image size-large\"><img loading=\"lazy\" decoding=\"async\" width=\"1024\" height=\"413\" data-id=\"287\" src=\"https:\/\/leader-ardeche.fr\/wp-content\/uploads\/2025\/01\/Photo-coprog-oct2023_V2-1024x413.jpg\" alt=\"\" class=\"wp-image-287\" srcset=\"https:\/\/leader-ardeche.fr\/wp-content\/uploads\/2025\/01\/Photo-coprog-oct2023_V2-1024x413.jpg 1024w, https:\/\/leader-ardeche.fr\/wp-content\/uploads\/2025\/01\/Photo-coprog-oct2023_V2-300x121.jpg 300w, https:\/\/leader-ardeche.fr\/wp-content\/uploads\/2025\/01\/Photo-coprog-oct2023_V2-768x310.jpg 768w, https:\/\/leader-ardeche.fr\/wp-content\/uploads\/2025\/01\/Photo-coprog-oct2023_V2-1536x620.jpg 1536w, https:\/\/leader-ardeche.fr\/wp-content\/uploads\/2025\/01\/Photo-coprog-oct2023_V2-2048x827.jpg 2048w\" sizes=\"auto, (max-width: 1024px) 100vw, 1024px\" \/><\/figure>\n<\/figure>\n\n\n\n<p class=\"has-text-align-center\"><em>Membres du Comit\u00e9 de programmation install\u00e9 en octobre 2023<\/em><\/p>\n\n\n\n<figure class=\"wp-block-table\"><table><tbody><tr><td><strong><mark style=\"background-color:#7bdcb5\" class=\"has-inline-color has-black-color\">PROCHAIN COMITE DE PROGRAMMATION<\/mark><\/strong><\/td><td class=\"has-text-align-left\" data-align=\"left\"><strong><mark style=\"background-color:#7bdcb5\" class=\"has-inline-color\">LIEUX                                                                         <\/mark><\/strong><\/td><\/tr><tr><td>Mercredi 4 mars \u00e0 18h<\/td><td class=\"has-text-align-left\" data-align=\"left\">\u00e0 d\u00e9finir<\/td><\/tr><\/tbody><\/table><\/figure>\n\n\n\n\n\n<p><\/p>\n\n\n\n<p><\/p>\n","protected":false},"excerpt":{"rendered":"<p>Pr\u00e9sentation des appels \u00e0 projets en visio Des pr\u00e9sentations des diff\u00e9rents appels \u00e0 projets sont propos\u00e9es en visioconf\u00e9rence. Ces rencontres permettent de d\u00e9couvrir les appels \u00e0 projets, la m\u00e9thodologie de d\u00e9p\u00f4t des dossiers, ainsi que des recommandations utiles. Le lien de la visioconf\u00e9rence sera communiqu\u00e9 le jour de la pr\u00e9sentation \u00e0 toutes les personnes pr\u00e9alablement [&hellip;]<\/p>\n","protected":false},"author":2,"featured_media":0,"parent":0,"menu_order":0,"comment_status":"closed","ping_status":"closed","template":"","meta":{"footnotes":""},"class_list":["post-243","page","type-page","status-publish","hentry"],"_links":{"self":[{"href":"https:\/\/leader-ardeche.fr\/index.php?rest_route=\/wp\/v2\/pages\/243","targetHints":{"allow":["GET"]}}],"collection":[{"href":"https:\/\/leader-ardeche.fr\/index.php?rest_route=\/wp\/v2\/pages"}],"about":[{"href":"https:\/\/leader-ardeche.fr\/index.php?rest_route=\/wp\/v2\/types\/page"}],"author":[{"embeddable":true,"href":"https:\/\/leader-ardeche.fr\/index.php?rest_route=\/wp\/v2\/users\/2"}],"replies":[{"embeddable":true,"href":"https:\/\/leader-ardeche.fr\/index.php?rest_route=%2Fwp%2Fv2%2Fcomments&post=243"}],"version-history":[{"count":36,"href":"https:\/\/leader-ardeche.fr\/index.php?rest_route=\/wp\/v2\/pages\/243\/revisions"}],"predecessor-version":[{"id":431,"href":"https:\/\/leader-ardeche.fr\/index.php?rest_route=\/wp\/v2\/pages\/243\/revisions\/431"}],"wp:attachment":[{"href":"https:\/\/leader-ardeche.fr\/index.php?rest_route=%2Fwp%2Fv2%2Fmedia&parent=243"}],"curies":[{"name":"wp","href":"https:\/\/api.w.org\/{rel}","templated":true}]}}